{"id":335,"date":"2024-11-05T08:58:45","date_gmt":"2024-11-05T07:58:45","guid":{"rendered":"https:\/\/www.ruthrighetti.ch\/cms\/?page_id=335"},"modified":"2024-11-05T09:14:55","modified_gmt":"2024-11-05T08:14:55","slug":"impressum","status":"publish","type":"page","link":"https:\/\/www.ruthrighetti.ch\/cms\/impressum\/","title":{"rendered":"Impressum"},"content":{"rendered":"\t\t<div data-elementor-type=\"wp-page\" data-elementor-id=\"335\" class=\"elementor elementor-335\">\n\t\t\t\t<div class=\"elementor-element elementor-element-7a6393fd e-flex e-con-boxed e-con e-parent\" data-id=\"7a6393fd\" data-element_type=\"container\">\n\t\t\t\t\t<div class=\"e-con-inner\">\n\t\t\t\t<div class=\"elementor-element elementor-element-2ec1a2db elementor-widget elementor-widget-heading\" data-id=\"2ec1a2db\" data-element_type=\"widget\" data-widget_type=\"heading.default\">\n\t\t\t\t<div class=\"elementor-widget-container\">\n\t\t\t\t\t<h2 class=\"elementor-heading-title elementor-size-default\">impressum<\/h2>\t\t\t\t<\/div>\n\t\t\t\t<\/div>\n\t\t\t\t\t<\/div>\n\t\t\t\t<\/div>\n\t\t<div class=\"elementor-element elementor-element-f05a0e6 e-flex e-con-boxed e-con e-parent\" data-id=\"f05a0e6\" data-element_type=\"container\">\n\t\t\t\t\t<div class=\"e-con-inner\">\n\t\t<div class=\"elementor-element elementor-element-e2751d6 e-con-full e-flex e-con e-child\" data-id=\"e2751d6\" data-element_type=\"container\">\n\t\t\t\t<div class=\"elementor-element elementor-element-2fa2b6b elementor-widget elementor-widget-heading\" data-id=\"2fa2b6b\" data-element_type=\"widget\" data-widget_type=\"heading.default\">\n\t\t\t\t<div class=\"elementor-widget-container\">\n\t\t\t\t\t<h3 class=\"elementor-heading-title elementor-size-default\">Verantwortlich f\u00fcr den Inhalt<\/h3>\t\t\t\t<\/div>\n\t\t\t\t<\/div>\n\t\t\t\t<div class=\"elementor-element elementor-element-e377ac9 elementor-widget elementor-widget-text-editor\" data-id=\"e377ac9\" data-element_type=\"widget\" data-widget_type=\"text-editor.default\">\n\t\t\t\t<div class=\"elementor-widget-container\">\n\t\t\t\t\t\t\t\t\t<p>Ruth Righetti<br \/>M\u00f6hrlistrasse 70<br \/>8006 Z\u00fcrich<\/p><p>Email: <a href=\"mailto:art@ruthrighetti.ch\">art@ruthrighetti.ch<\/a><\/p>\t\t\t\t\t\t\t\t<\/div>\n\t\t\t\t<\/div>\n\t\t\t\t<\/div>\n\t\t<div class=\"elementor-element elementor-element-f3b3fb4 e-con-full e-flex e-con e-child\" data-id=\"f3b3fb4\" data-element_type=\"container\">\n\t\t\t\t<div class=\"elementor-element elementor-element-84afb49 elementor-widget elementor-widget-heading\" data-id=\"84afb49\" data-element_type=\"widget\" data-widget_type=\"heading.default\">\n\t\t\t\t<div class=\"elementor-widget-container\">\n\t\t\t\t\t<h3 class=\"elementor-heading-title elementor-size-default\">Hosting<\/h3>\t\t\t\t<\/div>\n\t\t\t\t<\/div>\n\t\t\t\t<div class=\"elementor-element elementor-element-f40e7b0 elementor-widget elementor-widget-text-editor\" data-id=\"f40e7b0\" data-element_type=\"widget\" data-widget_type=\"text-editor.default\">\n\t\t\t\t<div class=\"elementor-widget-container\">\n\t\t\t\t\t\t\t\t\t<p class=\"moz-signature\">abc4IT GmbH <br \/>Schmidgass 2 <br \/>CH-8820 W\u00e4denswil<\/p><p class=\"moz-signature\">Email: <a href=\"mailto:info@abc4it.com\">info@abc4it.com <\/a><br \/>Tel. <a href=\"tel:0446802656\">044 680 26 56<\/a><br \/><a class=\"moz-txt-link-abbreviated\" href=\"http:\/\/www.abc4it.com\">www.abc4it.com<\/a><\/p>\t\t\t\t\t\t\t\t<\/div>\n\t\t\t\t<\/div>\n\t\t\t\t<\/div>\n\t\t\t\t\t<\/div>\n\t\t\t\t<\/div>\n\t\t\t\t<\/div>\n\t\t","protected":false},"excerpt":{"rendered":"<p>impressum Verantwortlich f\u00fcr den Inhalt Ruth RighettiM\u00f6hrlistrasse 708006 Z\u00fcrich Email: art@ruthrighetti.ch Hosting abc4IT GmbH Schmidgass 2 CH-8820 W\u00e4denswil Email: info@abc4it.com Tel. 044 680 26 56www.abc4it.com<\/p>\n","protected":false},"author":1,"featured_media":0,"parent":0,"menu_order":0,"comment_status":"closed","ping_status":"closed","template":"elementor_header_footer","meta":{"neve_meta_sidebar":"","neve_meta_container":"","neve_meta_enable_content_width":"","neve_meta_content_width":0,"neve_meta_title_alignment":"","neve_meta_author_avatar":"","neve_post_elements_order":"","neve_meta_disable_header":"","neve_meta_disable_footer":"","neve_meta_disable_title":"","footnotes":""},"class_list":["post-335","page","type-page","status-publish","hentry"],"_links":{"self":[{"href":"https:\/\/www.ruthrighetti.ch\/cms\/wp-json\/wp\/v2\/pages\/335","targetHints":{"allow":["GET"]}}],"collection":[{"href":"https:\/\/www.ruthrighetti.ch\/cms\/wp-json\/wp\/v2\/pages"}],"about":[{"href":"https:\/\/www.ruthrighetti.ch\/cms\/wp-json\/wp\/v2\/types\/page"}],"author":[{"embeddable":true,"href":"https:\/\/www.ruthrighetti.ch\/cms\/wp-json\/wp\/v2\/users\/1"}],"replies":[{"embeddable":true,"href":"https:\/\/www.ruthrighetti.ch\/cms\/wp-json\/wp\/v2\/comments?post=335"}],"version-history":[{"count":4,"href":"https:\/\/www.ruthrighetti.ch\/cms\/wp-json\/wp\/v2\/pages\/335\/revisions"}],"predecessor-version":[{"id":340,"href":"https:\/\/www.ruthrighetti.ch\/cms\/wp-json\/wp\/v2\/pages\/335\/revisions\/340"}],"wp:attachment":[{"href":"https:\/\/www.ruthrighetti.ch\/cms\/wp-json\/wp\/v2\/media?parent=335"}],"curies":[{"name":"wp","href":"https:\/\/api.w.org\/{rel}","templated":true}]}}