{"id":153,"date":"2024-10-24T09:00:09","date_gmt":"2024-10-24T07:00:09","guid":{"rendered":"https:\/\/www.ruthrighetti.ch\/cms\/?page_id=153"},"modified":"2025-03-01T18:34:33","modified_gmt":"2025-03-01T17:34:33","slug":"kunstimfluss-2016","status":"publish","type":"page","link":"https:\/\/www.ruthrighetti.ch\/cms\/kunstimfluss-2016\/","title":{"rendered":"kunstimfluss 2016"},"content":{"rendered":"\t\t<div data-elementor-type=\"wp-page\" data-elementor-id=\"153\" class=\"elementor elementor-153\">\n\t\t\t\t<div class=\"elementor-element elementor-element-c6c6630 e-flex e-con-boxed e-con e-parent\" data-id=\"c6c6630\" data-element_type=\"container\">\n\t\t\t\t\t<div class=\"e-con-inner\">\n\t\t\t\t<div class=\"elementor-element elementor-element-ac56803 elementor-widget elementor-widget-spacer\" data-id=\"ac56803\" data-element_type=\"widget\" data-widget_type=\"spacer.default\">\n\t\t\t\t<div class=\"elementor-widget-container\">\n\t\t\t\t\t\t\t<div class=\"elementor-spacer\">\n\t\t\t<div class=\"elementor-spacer-inner\"><\/div>\n\t\t<\/div>\n\t\t\t\t\t\t<\/div>\n\t\t\t\t<\/div>\n\t\t\t\t<div class=\"elementor-element elementor-element-670b303 elementor-widget elementor-widget-heading\" data-id=\"670b303\" data-element_type=\"widget\" data-widget_type=\"heading.default\">\n\t\t\t\t<div class=\"elementor-widget-container\">\n\t\t\t\t\t<h2 class=\"elementor-heading-title elementor-size-default\">kunstimfluss 2016<\/h2>\t\t\t\t<\/div>\n\t\t\t\t<\/div>\n\t\t\t\t\t<\/div>\n\t\t\t\t<\/div>\n\t\t<div class=\"elementor-element elementor-element-fb3468b e-flex e-con-boxed e-con e-parent\" data-id=\"fb3468b\" data-element_type=\"container\">\n\t\t\t\t\t<div class=\"e-con-inner\">\n\t\t\t\t<div class=\"elementor-element elementor-element-11ca505 elementor-widget elementor-widget-text-editor\" data-id=\"11ca505\" data-element_type=\"widget\" data-widget_type=\"text-editor.default\">\n\t\t\t\t<div class=\"elementor-widget-container\">\n\t\t\t\t\t\t\t\t\t<div class=\"freetextarea\"><div>jurierte ausstellung der kunstgesellschaft interlaken KGI zwischen dem brienzersee und dem thunersee<\/div><div>2 gemeinschaftsprojekte mit verena vogt<\/div><div>\u00a0<\/div><div><div>fluch und segen.plastik<br \/>plastic. bane and boon<\/div><\/div><\/div>\t\t\t\t\t\t\t\t<\/div>\n\t\t\t\t<\/div>\n\t\t\t\t<div class=\"elementor-element elementor-element-6a42995 elementor-widget elementor-widget-image\" data-id=\"6a42995\" data-element_type=\"widget\" data-widget_type=\"image.default\">\n\t\t\t\t<div class=\"elementor-widget-container\">\n\t\t\t\t\t\t\t\t\t\t\t\t\t\t\t<img fetchpriority=\"high\" decoding=\"async\" width=\"1024\" height=\"682\" src=\"https:\/\/www.ruthrighetti.ch\/cms\/wp-content\/uploads\/2024\/10\/7512371-14_KunstimFluss_2016_03.w1024.jpg\" class=\"attachment-large size-large wp-image-155\" alt=\"\" srcset=\"https:\/\/www.ruthrighetti.ch\/cms\/wp-content\/uploads\/2024\/10\/7512371-14_KunstimFluss_2016_03.w1024.jpg 1024w, https:\/\/www.ruthrighetti.ch\/cms\/wp-content\/uploads\/2024\/10\/7512371-14_KunstimFluss_2016_03.w1024-300x200.jpg 300w, https:\/\/www.ruthrighetti.ch\/cms\/wp-content\/uploads\/2024\/10\/7512371-14_KunstimFluss_2016_03.w1024-768x512.jpg 768w, https:\/\/www.ruthrighetti.ch\/cms\/wp-content\/uploads\/2024\/10\/7512371-14_KunstimFluss_2016_03.w1024-930x620.jpg 930w\" sizes=\"(max-width: 1024px) 100vw, 1024px\" \/>\t\t\t\t\t\t\t\t\t\t\t\t\t\t\t<\/div>\n\t\t\t\t<\/div>\n\t\t<div class=\"elementor-element elementor-element-f456380 e-con-full e-flex e-con e-child\" data-id=\"f456380\" data-element_type=\"container\">\n\t\t\t\t<div class=\"elementor-element elementor-element-16a0dbe elementor-widget elementor-widget-image\" data-id=\"16a0dbe\" data-element_type=\"widget\" data-widget_type=\"image.default\">\n\t\t\t\t<div class=\"elementor-widget-container\">\n\t\t\t\t\t\t\t\t\t\t\t\t\t\t\t<img decoding=\"async\" width=\"1024\" height=\"683\" src=\"https:\/\/www.ruthrighetti.ch\/cms\/wp-content\/uploads\/2024\/10\/7512370-14_KunstimFluss_2016_02-1-1024x683.jpg\" class=\"attachment-large size-large wp-image-159\" alt=\"\" srcset=\"https:\/\/www.ruthrighetti.ch\/cms\/wp-content\/uploads\/2024\/10\/7512370-14_KunstimFluss_2016_02-1-1024x683.jpg 1024w, https:\/\/www.ruthrighetti.ch\/cms\/wp-content\/uploads\/2024\/10\/7512370-14_KunstimFluss_2016_02-1-300x200.jpg 300w, https:\/\/www.ruthrighetti.ch\/cms\/wp-content\/uploads\/2024\/10\/7512370-14_KunstimFluss_2016_02-1-768x512.jpg 768w, https:\/\/www.ruthrighetti.ch\/cms\/wp-content\/uploads\/2024\/10\/7512370-14_KunstimFluss_2016_02-1-930x620.jpg 930w, https:\/\/www.ruthrighetti.ch\/cms\/wp-content\/uploads\/2024\/10\/7512370-14_KunstimFluss_2016_02-1.jpg 1200w\" sizes=\"(max-width: 1024px) 100vw, 1024px\" \/>\t\t\t\t\t\t\t\t\t\t\t\t\t\t\t<\/div>\n\t\t\t\t<\/div>\n\t\t\t\t<div class=\"elementor-element elementor-element-1da4d8e elementor-widget elementor-widget-image\" data-id=\"1da4d8e\" data-element_type=\"widget\" data-widget_type=\"image.default\">\n\t\t\t\t<div class=\"elementor-widget-container\">\n\t\t\t\t\t\t\t\t\t\t\t\t\t\t\t<img decoding=\"async\" width=\"1024\" height=\"683\" src=\"https:\/\/www.ruthrighetti.ch\/cms\/wp-content\/uploads\/2024\/10\/7515504-DSC04613_1024x683-1.jpg\" class=\"attachment-large size-large wp-image-158\" alt=\"\" srcset=\"https:\/\/www.ruthrighetti.ch\/cms\/wp-content\/uploads\/2024\/10\/7515504-DSC04613_1024x683-1.jpg 1024w, https:\/\/www.ruthrighetti.ch\/cms\/wp-content\/uploads\/2024\/10\/7515504-DSC04613_1024x683-1-300x200.jpg 300w, https:\/\/www.ruthrighetti.ch\/cms\/wp-content\/uploads\/2024\/10\/7515504-DSC04613_1024x683-1-768x512.jpg 768w, https:\/\/www.ruthrighetti.ch\/cms\/wp-content\/uploads\/2024\/10\/7515504-DSC04613_1024x683-1-930x620.jpg 930w\" sizes=\"(max-width: 1024px) 100vw, 1024px\" \/>\t\t\t\t\t\t\t\t\t\t\t\t\t\t\t<\/div>\n\t\t\t\t<\/div>\n\t\t\t\t<\/div>\n\t\t\t\t<div class=\"elementor-element elementor-element-410ad09 elementor-widget elementor-widget-image\" data-id=\"410ad09\" data-element_type=\"widget\" data-widget_type=\"image.default\">\n\t\t\t\t<div class=\"elementor-widget-container\">\n\t\t\t\t\t\t\t\t\t\t\t\t\t\t\t<img loading=\"lazy\" decoding=\"async\" width=\"1024\" height=\"683\" src=\"https:\/\/www.ruthrighetti.ch\/cms\/wp-content\/uploads\/2024\/10\/7515496-14_KunstimFluss_2016_04-1024x683.jpg\" class=\"attachment-large size-large wp-image-160\" alt=\"\" srcset=\"https:\/\/www.ruthrighetti.ch\/cms\/wp-content\/uploads\/2024\/10\/7515496-14_KunstimFluss_2016_04-1024x683.jpg 1024w, https:\/\/www.ruthrighetti.ch\/cms\/wp-content\/uploads\/2024\/10\/7515496-14_KunstimFluss_2016_04-300x200.jpg 300w, https:\/\/www.ruthrighetti.ch\/cms\/wp-content\/uploads\/2024\/10\/7515496-14_KunstimFluss_2016_04-768x512.jpg 768w, https:\/\/www.ruthrighetti.ch\/cms\/wp-content\/uploads\/2024\/10\/7515496-14_KunstimFluss_2016_04-930x620.jpg 930w, https:\/\/www.ruthrighetti.ch\/cms\/wp-content\/uploads\/2024\/10\/7515496-14_KunstimFluss_2016_04.jpg 1200w\" sizes=\"(max-width: 1024px) 100vw, 1024px\" \/>\t\t\t\t\t\t\t\t\t\t\t\t\t\t\t<\/div>\n\t\t\t\t<\/div>\n\t\t<div class=\"elementor-element elementor-element-e94d78d e-grid e-con-full e-con e-child\" data-id=\"e94d78d\" data-element_type=\"container\">\n\t\t\t\t<div class=\"elementor-element elementor-element-2a09f8e elementor-widget elementor-widget-image\" data-id=\"2a09f8e\" data-element_type=\"widget\" data-widget_type=\"image.default\">\n\t\t\t\t<div class=\"elementor-widget-container\">\n\t\t\t\t\t\t\t\t\t\t\t\t\t\t\t<img loading=\"lazy\" decoding=\"async\" width=\"1024\" height=\"692\" src=\"https:\/\/www.ruthrighetti.ch\/cms\/wp-content\/uploads\/2024\/10\/7516881-IMG_3577_ausschnitt_neu_1024x692.w1024.jpg\" class=\"attachment-large size-large wp-image-164\" alt=\"\" srcset=\"https:\/\/www.ruthrighetti.ch\/cms\/wp-content\/uploads\/2024\/10\/7516881-IMG_3577_ausschnitt_neu_1024x692.w1024.jpg 1024w, https:\/\/www.ruthrighetti.ch\/cms\/wp-content\/uploads\/2024\/10\/7516881-IMG_3577_ausschnitt_neu_1024x692.w1024-300x203.jpg 300w, https:\/\/www.ruthrighetti.ch\/cms\/wp-content\/uploads\/2024\/10\/7516881-IMG_3577_ausschnitt_neu_1024x692.w1024-768x519.jpg 768w\" sizes=\"(max-width: 1024px) 100vw, 1024px\" \/>\t\t\t\t\t\t\t\t\t\t\t\t\t\t\t<\/div>\n\t\t\t\t<\/div>\n\t\t\t\t<div class=\"elementor-element elementor-element-67a5475 elementor-widget elementor-widget-image\" data-id=\"67a5475\" data-element_type=\"widget\" data-widget_type=\"image.default\">\n\t\t\t\t<div class=\"elementor-widget-container\">\n\t\t\t\t\t\t\t\t\t\t\t\t\t\t\t<img loading=\"lazy\" decoding=\"async\" width=\"1024\" height=\"692\" src=\"https:\/\/www.ruthrighetti.ch\/cms\/wp-content\/uploads\/2024\/10\/7515510-IMG_3583_ausschnitt_1024x692.w1024.jpg\" class=\"attachment-large size-large wp-image-163\" alt=\"\" srcset=\"https:\/\/www.ruthrighetti.ch\/cms\/wp-content\/uploads\/2024\/10\/7515510-IMG_3583_ausschnitt_1024x692.w1024.jpg 1024w, https:\/\/www.ruthrighetti.ch\/cms\/wp-content\/uploads\/2024\/10\/7515510-IMG_3583_ausschnitt_1024x692.w1024-300x203.jpg 300w, https:\/\/www.ruthrighetti.ch\/cms\/wp-content\/uploads\/2024\/10\/7515510-IMG_3583_ausschnitt_1024x692.w1024-768x519.jpg 768w\" sizes=\"(max-width: 1024px) 100vw, 1024px\" \/>\t\t\t\t\t\t\t\t\t\t\t\t\t\t\t<\/div>\n\t\t\t\t<\/div>\n\t\t\t\t<div class=\"elementor-element elementor-element-8ce0b54 elementor-widget elementor-widget-image\" data-id=\"8ce0b54\" data-element_type=\"widget\" data-widget_type=\"image.default\">\n\t\t\t\t<div class=\"elementor-widget-container\">\n\t\t\t\t\t\t\t\t\t\t\t\t\t\t\t<img loading=\"lazy\" decoding=\"async\" width=\"1024\" height=\"683\" src=\"https:\/\/www.ruthrighetti.ch\/cms\/wp-content\/uploads\/2024\/10\/7515867-DSC04599_1024x683.w1024.jpg\" class=\"attachment-large size-large wp-image-162\" alt=\"\" srcset=\"https:\/\/www.ruthrighetti.ch\/cms\/wp-content\/uploads\/2024\/10\/7515867-DSC04599_1024x683.w1024.jpg 1024w, https:\/\/www.ruthrighetti.ch\/cms\/wp-content\/uploads\/2024\/10\/7515867-DSC04599_1024x683.w1024-300x200.jpg 300w, https:\/\/www.ruthrighetti.ch\/cms\/wp-content\/uploads\/2024\/10\/7515867-DSC04599_1024x683.w1024-768x512.jpg 768w, https:\/\/www.ruthrighetti.ch\/cms\/wp-content\/uploads\/2024\/10\/7515867-DSC04599_1024x683.w1024-930x620.jpg 930w\" sizes=\"(max-width: 1024px) 100vw, 1024px\" \/>\t\t\t\t\t\t\t\t\t\t\t\t\t\t\t<\/div>\n\t\t\t\t<\/div>\n\t\t\t\t<div class=\"elementor-element elementor-element-1d58702 elementor-widget elementor-widget-image\" data-id=\"1d58702\" data-element_type=\"widget\" data-widget_type=\"image.default\">\n\t\t\t\t<div class=\"elementor-widget-container\">\n\t\t\t\t\t\t\t\t\t\t\t\t\t\t\t<img loading=\"lazy\" decoding=\"async\" width=\"1024\" height=\"692\" src=\"https:\/\/www.ruthrighetti.ch\/cms\/wp-content\/uploads\/2024\/10\/7516039-DSC04584_ausschnitt_1024x692.w1024.jpg\" class=\"attachment-large size-large wp-image-161\" alt=\"\" srcset=\"https:\/\/www.ruthrighetti.ch\/cms\/wp-content\/uploads\/2024\/10\/7516039-DSC04584_ausschnitt_1024x692.w1024.jpg 1024w, https:\/\/www.ruthrighetti.ch\/cms\/wp-content\/uploads\/2024\/10\/7516039-DSC04584_ausschnitt_1024x692.w1024-300x203.jpg 300w, https:\/\/www.ruthrighetti.ch\/cms\/wp-content\/uploads\/2024\/10\/7516039-DSC04584_ausschnitt_1024x692.w1024-768x519.jpg 768w\" sizes=\"(max-width: 1024px) 100vw, 1024px\" \/>\t\t\t\t\t\t\t\t\t\t\t\t\t\t\t<\/div>\n\t\t\t\t<\/div>\n\t\t\t\t<\/div>\n\t\t\t\t<div class=\"elementor-element elementor-element-fee2cd4 elementor-widget elementor-widget-text-editor\" data-id=\"fee2cd4\" data-element_type=\"widget\" data-widget_type=\"text-editor.default\">\n\t\t\t\t<div class=\"elementor-widget-container\">\n\t\t\t\t\t\t\t\t\t<p>plastik ist einer der angesagtesten werkstoffe unserer zeit. die Installation \u201eplastic. boon and bane\u201c, m\u00f6chte bildlich und symbolisch sensibilisieren f\u00fcr die weltweite problematik der verschmutzung der ozeane durch plastikpartikel. die kunststoffmenge, welche j\u00e4hrlich im meer landet, wird vom fachmagazin \u201escience\u201c auf 8 millionen tonnen gesch\u00e4tzt. gesch\u00e4tzte 80% der plastikabf\u00e4lle im meer werden \u00fcber fl\u00fcsse transportiert. einmal im meer sammelt sich der plastikm\u00fcll wegen seiner langen haltbarkeit in riesigen, kaum abbaubaren haufen, bedroht die tiere und gelangt schliesslich, in winzige plastikteile zerrieben, \u00fcber die fische in die nahrungskette. beispielsweise finden forscher heute weitab von der zivilisation an unber\u00fchrten str\u00e4nden r\u00fcckst\u00e4nde in den muscheln.<\/p><p>material: 1300 meter lebensmittelmehrzweckschlauch aus weich-PVC, aussendurchmesser 9 mm, PET-flaschen<br \/><br \/><\/p>\t\t\t\t\t\t\t\t<\/div>\n\t\t\t\t<\/div>\n\t\t\t\t<div class=\"elementor-element elementor-element-db6bee2 elementor-widget elementor-widget-text-editor\" data-id=\"db6bee2\" data-element_type=\"widget\" data-widget_type=\"text-editor.default\">\n\t\t\t\t<div class=\"elementor-widget-container\">\n\t\t\t\t\t\t\t\t\t<p>rettungsinsel CH<\/p>\t\t\t\t\t\t\t\t<\/div>\n\t\t\t\t<\/div>\n\t\t\t\t<div class=\"elementor-element elementor-element-0ab28e0 elementor-widget elementor-widget-image\" data-id=\"0ab28e0\" data-element_type=\"widget\" data-widget_type=\"image.default\">\n\t\t\t\t<div class=\"elementor-widget-container\">\n\t\t\t\t\t\t\t\t\t\t\t\t\t\t\t<img loading=\"lazy\" decoding=\"async\" width=\"800\" height=\"600\" src=\"https:\/\/www.ruthrighetti.ch\/cms\/wp-content\/uploads\/2024\/10\/7512375-17_KunstimFluss_2016_3674_-270_KB.jpg\" class=\"attachment-large size-large wp-image-168\" alt=\"\" srcset=\"https:\/\/www.ruthrighetti.ch\/cms\/wp-content\/uploads\/2024\/10\/7512375-17_KunstimFluss_2016_3674_-270_KB.jpg 800w, https:\/\/www.ruthrighetti.ch\/cms\/wp-content\/uploads\/2024\/10\/7512375-17_KunstimFluss_2016_3674_-270_KB-300x225.jpg 300w, https:\/\/www.ruthrighetti.ch\/cms\/wp-content\/uploads\/2024\/10\/7512375-17_KunstimFluss_2016_3674_-270_KB-768x576.jpg 768w\" sizes=\"(max-width: 800px) 100vw, 800px\" \/>\t\t\t\t\t\t\t\t\t\t\t\t\t\t\t<\/div>\n\t\t\t\t<\/div>\n\t\t\t\t<div class=\"elementor-element elementor-element-2af23e2 elementor-widget elementor-widget-image\" data-id=\"2af23e2\" data-element_type=\"widget\" data-widget_type=\"image.default\">\n\t\t\t\t<div class=\"elementor-widget-container\">\n\t\t\t\t\t\t\t\t\t\t\t\t\t\t\t<img loading=\"lazy\" decoding=\"async\" width=\"800\" height=\"541\" src=\"https:\/\/www.ruthrighetti.ch\/cms\/wp-content\/uploads\/2024\/10\/7512374-17_KunstimFluss_2016_3662_-_272_KB.jpg\" class=\"attachment-large size-large wp-image-167\" alt=\"\" srcset=\"https:\/\/www.ruthrighetti.ch\/cms\/wp-content\/uploads\/2024\/10\/7512374-17_KunstimFluss_2016_3662_-_272_KB.jpg 800w, https:\/\/www.ruthrighetti.ch\/cms\/wp-content\/uploads\/2024\/10\/7512374-17_KunstimFluss_2016_3662_-_272_KB-300x203.jpg 300w, https:\/\/www.ruthrighetti.ch\/cms\/wp-content\/uploads\/2024\/10\/7512374-17_KunstimFluss_2016_3662_-_272_KB-768x519.jpg 768w\" sizes=\"(max-width: 800px) 100vw, 800px\" \/>\t\t\t\t\t\t\t\t\t\t\t\t\t\t\t<\/div>\n\t\t\t\t<\/div>\n\t\t\t\t<div class=\"elementor-element elementor-element-3757733 elementor-widget elementor-widget-image\" data-id=\"3757733\" data-element_type=\"widget\" data-widget_type=\"image.default\">\n\t\t\t\t<div class=\"elementor-widget-container\">\n\t\t\t\t\t\t\t\t\t\t\t\t\t\t\t<img loading=\"lazy\" decoding=\"async\" width=\"1024\" height=\"692\" src=\"https:\/\/www.ruthrighetti.ch\/cms\/wp-content\/uploads\/2024\/10\/7516171-17_KunstimFluss_2016_04_ausschnitt_1024x692.w1024.jpg\" class=\"attachment-large size-large wp-image-166\" alt=\"\" srcset=\"https:\/\/www.ruthrighetti.ch\/cms\/wp-content\/uploads\/2024\/10\/7516171-17_KunstimFluss_2016_04_ausschnitt_1024x692.w1024.jpg 1024w, https:\/\/www.ruthrighetti.ch\/cms\/wp-content\/uploads\/2024\/10\/7516171-17_KunstimFluss_2016_04_ausschnitt_1024x692.w1024-300x203.jpg 300w, https:\/\/www.ruthrighetti.ch\/cms\/wp-content\/uploads\/2024\/10\/7516171-17_KunstimFluss_2016_04_ausschnitt_1024x692.w1024-768x519.jpg 768w\" sizes=\"(max-width: 1024px) 100vw, 1024px\" \/>\t\t\t\t\t\t\t\t\t\t\t\t\t\t\t<\/div>\n\t\t\t\t<\/div>\n\t\t\t\t<div class=\"elementor-element elementor-element-9872714 elementor-widget elementor-widget-image\" data-id=\"9872714\" data-element_type=\"widget\" data-widget_type=\"image.default\">\n\t\t\t\t<div class=\"elementor-widget-container\">\n\t\t\t\t\t\t\t\t\t\t\t\t\t\t\t<img loading=\"lazy\" decoding=\"async\" width=\"1024\" height=\"768\" src=\"https:\/\/www.ruthrighetti.ch\/cms\/wp-content\/uploads\/2024\/10\/7516304-IMG_3670_1024x768.w1024.jpg\" class=\"attachment-large size-large wp-image-165\" alt=\"\" srcset=\"https:\/\/www.ruthrighetti.ch\/cms\/wp-content\/uploads\/2024\/10\/7516304-IMG_3670_1024x768.w1024.jpg 1024w, https:\/\/www.ruthrighetti.ch\/cms\/wp-content\/uploads\/2024\/10\/7516304-IMG_3670_1024x768.w1024-300x225.jpg 300w, https:\/\/www.ruthrighetti.ch\/cms\/wp-content\/uploads\/2024\/10\/7516304-IMG_3670_1024x768.w1024-768x576.jpg 768w\" sizes=\"(max-width: 1024px) 100vw, 1024px\" \/>\t\t\t\t\t\t\t\t\t\t\t\t\t\t\t<\/div>\n\t\t\t\t<\/div>\n\t\t<div class=\"elementor-element elementor-element-49dd2d7 e-con-full e-flex e-con e-child\" data-id=\"49dd2d7\" data-element_type=\"container\">\n\t\t\t\t<div class=\"elementor-element elementor-element-5b454ce elementor-widget elementor-widget-image\" data-id=\"5b454ce\" data-element_type=\"widget\" data-widget_type=\"image.default\">\n\t\t\t\t<div class=\"elementor-widget-container\">\n\t\t\t\t\t\t\t\t\t\t\t\t\t\t\t<img loading=\"lazy\" decoding=\"async\" width=\"692\" height=\"1024\" src=\"https:\/\/www.ruthrighetti.ch\/cms\/wp-content\/uploads\/2024\/10\/7515492-IMG_3622_ausschnitt_692x1024.w1024.jpg\" class=\"attachment-large size-large wp-image-170\" alt=\"\" srcset=\"https:\/\/www.ruthrighetti.ch\/cms\/wp-content\/uploads\/2024\/10\/7515492-IMG_3622_ausschnitt_692x1024.w1024.jpg 692w, https:\/\/www.ruthrighetti.ch\/cms\/wp-content\/uploads\/2024\/10\/7515492-IMG_3622_ausschnitt_692x1024.w1024-203x300.jpg 203w\" sizes=\"(max-width: 692px) 100vw, 692px\" \/>\t\t\t\t\t\t\t\t\t\t\t\t\t\t\t<\/div>\n\t\t\t\t<\/div>\n\t\t\t\t<div class=\"elementor-element elementor-element-011153c elementor-widget elementor-widget-image\" data-id=\"011153c\" data-element_type=\"widget\" data-widget_type=\"image.default\">\n\t\t\t\t<div class=\"elementor-widget-container\">\n\t\t\t\t\t\t\t\t\t\t\t\t\t\t\t<img loading=\"lazy\" decoding=\"async\" width=\"1024\" height=\"811\" src=\"https:\/\/www.ruthrighetti.ch\/cms\/wp-content\/uploads\/2024\/10\/7516893-IMG_3671_ausschnitt_neu_1024x811.w1024.jpg\" class=\"attachment-large size-large wp-image-169\" alt=\"\" srcset=\"https:\/\/www.ruthrighetti.ch\/cms\/wp-content\/uploads\/2024\/10\/7516893-IMG_3671_ausschnitt_neu_1024x811.w1024.jpg 1024w, https:\/\/www.ruthrighetti.ch\/cms\/wp-content\/uploads\/2024\/10\/7516893-IMG_3671_ausschnitt_neu_1024x811.w1024-300x238.jpg 300w, https:\/\/www.ruthrighetti.ch\/cms\/wp-content\/uploads\/2024\/10\/7516893-IMG_3671_ausschnitt_neu_1024x811.w1024-768x608.jpg 768w\" sizes=\"(max-width: 1024px) 100vw, 1024px\" \/>\t\t\t\t\t\t\t\t\t\t\t\t\t\t\t<\/div>\n\t\t\t\t<\/div>\n\t\t\t\t<\/div>\n\t\t\t\t<div class=\"elementor-element elementor-element-2a9ce9d elementor-widget elementor-widget-text-editor\" data-id=\"2a9ce9d\" data-element_type=\"widget\" data-widget_type=\"text-editor.default\">\n\t\t\t\t<div class=\"elementor-widget-container\">\n\t\t\t\t\t\t\t\t\t<div class=\"freetextarea\"><div><div>inszeniert in einer von verbotsschildern gepr\u00e4gten umgebung liegt die installation \u201erettungsinsel CH\u201c. durchgang verboten. die arbeit suggeriert eine baustelle, greift die komplexe fl\u00fcchtlingsthematik auf und soll zum nachdenken und zu vielschichtigen assoziationen anregen.<br \/><br \/>material: baulatten, schwarzer gummischlauch, baulatten, h\u00e4nde keramikgiessmasse, <br \/>abschrankungen und verbotstafeln bestehend vor ort.<\/div><\/div><\/div>\t\t\t\t\t\t\t\t<\/div>\n\t\t\t\t<\/div>\n\t\t\t\t\t<\/div>\n\t\t\t\t<\/div>\n\t\t\t\t<\/div>\n\t\t","protected":false},"excerpt":{"rendered":"<p>kunstimfluss 2016 jurierte ausstellung der kunstgesellschaft interlaken KGI zwischen dem brienzersee und dem thunersee2 gemeinschaftsprojekte mit verena vogt\u00a0fluch und segen.plastikplastic. bane and boon plastik ist einer der angesagtesten werkstoffe unserer zeit. die Installation \u201eplastic. boon and bane\u201c, m\u00f6chte bildlich und symbolisch sensibilisieren f\u00fcr die weltweite problematik der verschmutzung der ozeane durch plastikpartikel. die kunststoffmenge, welche&hellip;&nbsp;<a href=\"https:\/\/www.ruthrighetti.ch\/cms\/kunstimfluss-2016\/\" class=\"\" rel=\"bookmark\">Weiterlesen &raquo;<span class=\"screen-reader-text\">kunstimfluss 2016<\/span><\/a><\/p>\n","protected":false},"author":1,"featured_media":0,"parent":0,"menu_order":3,"comment_status":"closed","ping_status":"closed","template":"page-templates\/template-pagebuilder-full-width.php","meta":{"neve_meta_sidebar":"","neve_meta_container":"","neve_meta_enable_content_width":"","neve_meta_content_width":0,"neve_meta_title_alignment":"","neve_meta_author_avatar":"","neve_post_elements_order":"","neve_meta_disable_header":"","neve_meta_disable_footer":"","neve_meta_disable_title":"","footnotes":""},"class_list":["post-153","page","type-page","status-publish","hentry"],"_links":{"self":[{"href":"https:\/\/www.ruthrighetti.ch\/cms\/wp-json\/wp\/v2\/pages\/153","targetHints":{"allow":["GET"]}}],"collection":[{"href":"https:\/\/www.ruthrighetti.ch\/cms\/wp-json\/wp\/v2\/pages"}],"about":[{"href":"https:\/\/www.ruthrighetti.ch\/cms\/wp-json\/wp\/v2\/types\/page"}],"author":[{"embeddable":true,"href":"https:\/\/www.ruthrighetti.ch\/cms\/wp-json\/wp\/v2\/users\/1"}],"replies":[{"embeddable":true,"href":"https:\/\/www.ruthrighetti.ch\/cms\/wp-json\/wp\/v2\/comments?post=153"}],"version-history":[{"count":16,"href":"https:\/\/www.ruthrighetti.ch\/cms\/wp-json\/wp\/v2\/pages\/153\/revisions"}],"predecessor-version":[{"id":916,"href":"https:\/\/www.ruthrighetti.ch\/cms\/wp-json\/wp\/v2\/pages\/153\/revisions\/916"}],"wp:attachment":[{"href":"https:\/\/www.ruthrighetti.ch\/cms\/wp-json\/wp\/v2\/media?parent=153"}],"curies":[{"name":"wp","href":"https:\/\/api.w.org\/{rel}","templated":true}]}}